{"id":25853,"date":"2019-01-18T12:25:58","date_gmt":"2019-01-18T11:25:58","guid":{"rendered":"https:\/\/www.bordadiamant.com\/producto\/mixer-for-cementitious-polyurethanes\/"},"modified":"2023-01-25T17:33:19","modified_gmt":"2023-01-25T16:33:19","slug":"mixer-for-cementitious-polyurethanes","status":"publish","type":"product","link":"https:\/\/www.bordadiamant.com\/en\/producto\/mixer-for-cementitious-polyurethanes\/","title":{"rendered":"MIXER FOR CEMENTITIOUS POLYURETHANES"},"content":{"rendered":"<p>Double blade machine with a power of 1800 w or 2,4 cv for the mixing of cementitious polyurethanes or cementitious self-levelling polyurethanes.<\/p>\n<p>It has a bucket with a trolley for moving and pouring the material.<\/p>\n<p>Esta m\u00e1quina es la \u00fanica para trabajos con cero polvo, para sector Alimentaci\u00f3n y<\/p>\n<p>Farmac\u00e9uticas. Lleva una entrada de material con cepillos anti polvo y toma de<\/p>\n<p>Aspiraci\u00f3n. Se puede montar cualquier aspirador medio. Con triple filtro \u00a0\u00a0para<\/p>\n<p>Micro polvo. Seg\u00fan el material a aplicar.\u00a0 Tiene doble aspa y contra giro.<\/p>\n","protected":false},"excerpt":{"rendered":"<p>To know the price contact with us in <a href=\"mailto:info@bordadiamant.com\">info@bordadiamant.com <\/a><\/p>\n","protected":false},"featured_media":23619,"template":"","meta":{"om_disable_all_campaigns":false,"_monsterinsights_skip_tracking":false,"_monsterinsights_sitenote_active":false,"_monsterinsights_sitenote_note":"","_monsterinsights_sitenote_category":0,"_uf_show_specific_survey":0,"_uf_disable_surveys":false},"product_cat":[1792],"product_tag":[1639,1797,1796,1798],"class_list":["post-25853","product","type-product","status-publish","has-post-thumbnail","hentry","product_cat-mixing-mixers","product_tag-blender","product_tag-kneader-en","product_tag-mixer-en","product_tag-mixing-of-cementitious-polyurethanes"],"aioseo_notices":[],"_links":{"self":[{"href":"https:\/\/www.bordadiamant.com\/en\/wp-json\/wp\/v2\/product\/25853","targetHints":{"allow":["GET"]}}],"collection":[{"href":"https:\/\/www.bordadiamant.com\/en\/wp-json\/wp\/v2\/product"}],"about":[{"href":"https:\/\/www.bordadiamant.com\/en\/wp-json\/wp\/v2\/types\/product"}],"wp:featuredmedia":[{"embeddable":true,"href":"https:\/\/www.bordadiamant.com\/en\/wp-json\/wp\/v2\/media\/23619"}],"wp:attachment":[{"href":"https:\/\/www.bordadiamant.com\/en\/wp-json\/wp\/v2\/media?parent=25853"}],"wp:term":[{"taxonomy":"product_cat","embeddable":true,"href":"https:\/\/www.bordadiamant.com\/en\/wp-json\/wp\/v2\/product_cat?post=25853"},{"taxonomy":"product_tag","embeddable":true,"href":"https:\/\/www.bordadiamant.com\/en\/wp-json\/wp\/v2\/product_tag?post=25853"}],"curies":[{"name":"wp","href":"https:\/\/api.w.org\/{rel}","templated":true}]}}